{"id":15,"date":"2024-05-09T10:25:24","date_gmt":"2024-05-09T10:25:24","guid":{"rendered":"https:\/\/innobotics.it\/?page_id=15"},"modified":"2025-03-05T13:40:10","modified_gmt":"2025-03-05T13:40:10","slug":"chi-siamo","status":"publish","type":"page","link":"https:\/\/innobotics.it\/en_us\/chi-siamo\/","title":{"rendered":"Who we are"},"content":{"rendered":"<h1>Innobotics<\/h1>\n<h1>Innobotics<\/h1>\n<h1>Chi siamo<\/h1>\n<div>\n<p>Innobotics Srl (IBT Srl), azienda del gruppo Holding Industriale Spa, opera nel campo dell&#8217;automazione industriale e della robotica avanzata, servendo i settori di eccellenza del &#8220;Made in Italy.<\/p>\n<p>La mission di IBT \u00e8 fornire prodotti di robotica avanzata e collaborativa, oltre a soluzioni di automazione completamente personalizzate sulle esigenze del cliente, dalla progettazione all&#8217;installazione e manutenzione dell&#8217;impianto finito.<\/p>\n<\/div>\n<div>\n<h3>La nostra Mission<\/h3>\n<div>\n<p>La nostra vision \u00e8 quella di diventare un punto di riferimento nella realizzazione di tecnologie robotiche ad alto valore aggiunto per l&#8217;industria, migliorando continuamente la qualit\u00e0 e l&#8217;efficienza dei processi produttivi, contribuendo cos\u00ec alla crescita e alla competitivit\u00e0 del &#8220;<strong>Made in Italy<\/strong>&#8221; a livello globale.<\/p>\n<\/div>\n<\/div>\n<p><!--more--><br \/>\n<!-- {\"type\":\"layout\",\"children\":[{\"type\":\"section\",\"props\":{\"header_transparent\":false,\"height\":\"pixels\",\"height_viewport\":800,\"image\":\"wp-content\\\/uploads\\\/Header-pagina-Home-IBT-sito_Color_2.jpg\",\"image_position\":\"center-center\",\"image_size\":\"cover\",\"media_overlay\":\"rgba(30, 34, 37, 0.2)\",\"sticky\":\"cover\",\"style\":\"default\",\"title_breakpoint\":\"xl\",\"title_position\":\"top-left\",\"title_rotation\":\"left\",\"vertical_align\":\"middle\",\"width\":\"\"},\"children\":[{\"type\":\"row\",\"children\":[{\"type\":\"column\",\"props\":{\"image_position\":\"center-center\",\"position_sticky_breakpoint\":\"m\"},\"children\":[{\"type\":\"headline\",\"props\":{\"content\":\"Innobotics\",\"css\":\".el-element{\\n\\topacity: 0.5;\\n}\",\"text_align\":\"center\",\"title_element\":\"h1\",\"title_style\":\"heading-2xlarge\",\"visibility\":\"s\"}},{\"type\":\"headline\",\"props\":{\"content\":\"Innobotics\",\"css\":\".el-element{\\n\\topacity: 0.5;\\n}\",\"text_align\":\"center\",\"title_element\":\"h1\",\"title_style\":\"heading-large\",\"visibility\":\"hidden-s\"}}]}],\"props\":{\"width\":\"default\"}}]},{\"name\":\"Hero\",\"type\":\"section\",\"props\":{\"image_position\":\"center-center\",\"padding\":\"large\",\"padding_remove_bottom\":true,\"padding_remove_top\":false,\"style\":\"default\",\"title_breakpoint\":\"xl\",\"title_position\":\"top-left\",\"title_rotation\":\"left\",\"vertical_align\":\"\",\"width\":\"large\"},\"children\":[{\"type\":\"row\",\"children\":[{\"type\":\"column\",\"props\":{\"image_position\":\"center-center\",\"position_sticky_breakpoint\":\"m\",\"width_medium\":\"1-1\"},\"children\":[{\"type\":\"headline\",\"props\":{\"animation\":\"parallax\",\"content\":\"Chi siamo\",\"maxwidth\":\"2xlarge\",\"parallax_breakpoint\":\"m\",\"parallax_easing\":\"1\",\"parallax_y\":\"0,-50\",\"title_element\":\"h1\",\"title_style\":\"heading-medium\"}},{\"type\":\"divider\",\"props\":{\"divider_align\":\"left\",\"divider_element\":\"div\",\"divider_style\":\"small\"}}]}]}]},{\"type\":\"section\",\"props\":{\"image_position\":\"center-center\",\"padding_remove_top\":false,\"style\":\"default\",\"title_breakpoint\":\"xl\",\"title_position\":\"top-left\",\"title_rotation\":\"left\",\"vertical_align\":\"\",\"width\":\"large\"},\"children\":[{\"type\":\"row\",\"children\":[{\"type\":\"column\",\"props\":{\"image_position\":\"center-center\",\"position_sticky_breakpoint\":\"m\"},\"children\":[{\"type\":\"text\",\"props\":{\"column\":\"1-2\",\"column_breakpoint\":\"m\",\"content\":\"\n\n<p>Innobotics Srl (IBT Srl), azienda del gruppo Holding Industriale Spa, opera nel campo dell'automazione industriale e della robotica avanzata, servendo i settori di eccellenza del \\\"Made in Italy.<\\\/p>\\n\n\n<p>La mission di IBT \\u00e8 fornire prodotti di robotica avanzata e collaborativa, oltre a soluzioni di automazione completamente personalizzate sulle esigenze del cliente, dalla progettazione all'installazione e manutenzione dell'impianto finito.<\\\/p>\",\"margin\":\"default\",\"text_align\":\"justify\"}},{\"type\":\"panel\",\"props\":{\"class\":\"uk-text-bold\",\"content\":\"\n\n<p>La nostra vision \\u00e8 quella di diventare un punto di riferimento nella realizzazione di tecnologie robotiche ad alto valore aggiunto per l'industria, migliorando continuamente la qualit\\u00e0 e l'efficienza dei processi produttivi, contribuendo cos\\u00ec alla crescita e alla competitivit\\u00e0 del \\\"<strong>Made in Italy<\\\/strong>\\\" a livello globale.<\\\/p>\",\"content_column_breakpoint\":\"m\",\"content_dropcap\":false,\"icon_width\":80,\"image_align\":\"top\",\"image_grid_breakpoint\":\"m\",\"image_grid_width\":\"1-2\",\"image_svg_color\":\"emphasis\",\"link_style\":\"default\",\"link_text\":\"Read more\",\"margin\":\"default\",\"meta_align\":\"below-title\",\"meta_element\":\"div\",\"meta_style\":\"text-meta\",\"panel_padding\":\"default\",\"panel_style\":\"card-primary\",\"text_align\":\"center\",\"title\":\"La nostra Mission\",\"title_align\":\"top\",\"title_element\":\"h3\",\"title_grid_breakpoint\":\"m\",\"title_grid_width\":\"1-2\",\"title_hover_style\":\"reset\"}}]}]}]}],\"version\":\"4.5.4\"} --><\/p>\n","protected":false},"excerpt":{"rendered":"<p>Innobotics Innobotics Chi siamo Innobotics Srl (IBT Srl), azienda del gruppo Holding Industriale Spa, opera nel campo dell&#8217;automazione industriale e della robotica avanzata, servendo i settori di eccellenza del &#8220;Made in Italy. La mission di IBT \u00e8 fornire prodotti di robotica avanzata e collaborativa, oltre a soluzioni di automazione completamente personalizzate sulle esigenze del cliente, [&hellip;]<\/p>\n","protected":false},"author":6,"featured_media":0,"parent":0,"menu_order":0,"comment_status":"closed","ping_status":"closed","template":"","meta":{"_acf_changed":false,"footnotes":""},"class_list":["post-15","page","type-page","status-publish","hentry"],"acf":[],"yoast_head":"<!-- This site is optimized with the Yoast SEO plugin v25.5 - https:\/\/yoast.com\/wordpress\/plugins\/seo\/ -->\n<title>Chi siamo - Innobotics<\/title>\n<meta name=\"robots\" content=\"index, follow, max-snippet:-1, max-image-preview:large, max-video-preview:-1\" \/>\n<link rel=\"canonical\" href=\"https:\/\/innobotics.it\/en_us\/chi-siamo\/\" \/>\n<meta property=\"og:locale\" content=\"en_US\" \/>\n<meta property=\"og:type\" content=\"article\" \/>\n<meta property=\"og:title\" content=\"Chi siamo - Innobotics\" \/>\n<meta property=\"og:description\" content=\"Innobotics Innobotics Chi siamo Innobotics Srl (IBT Srl), azienda del gruppo Holding Industriale Spa, opera nel campo dell&#8217;automazione industriale e della robotica avanzata, servendo i settori di eccellenza del &#8220;Made in Italy. La mission di IBT \u00e8 fornire prodotti di robotica avanzata e collaborativa, oltre a soluzioni di automazione completamente personalizzate sulle esigenze del cliente, [&hellip;]\" \/>\n<meta property=\"og:url\" content=\"https:\/\/innobotics.it\/en_us\/chi-siamo\/\" \/>\n<meta property=\"og:site_name\" content=\"Innobotics\" \/>\n<meta property=\"article:modified_time\" content=\"2025-03-05T13:40:10+00:00\" \/>\n<meta name=\"twitter:card\" content=\"summary_large_image\" \/>\n<meta name=\"twitter:label1\" content=\"Est. reading time\" \/>\n\t<meta name=\"twitter:data1\" content=\"1 minute\" \/>\n<script type=\"application\/ld+json\" class=\"yoast-schema-graph\">{\"@context\":\"https:\/\/schema.org\",\"@graph\":[{\"@type\":\"WebPage\",\"@id\":\"https:\/\/innobotics.it\/chi-siamo\/\",\"url\":\"https:\/\/innobotics.it\/chi-siamo\/\",\"name\":\"Chi siamo - Innobotics\",\"isPartOf\":{\"@id\":\"https:\/\/innobotics.it\/#website\"},\"datePublished\":\"2024-05-09T10:25:24+00:00\",\"dateModified\":\"2025-03-05T13:40:10+00:00\",\"breadcrumb\":{\"@id\":\"https:\/\/innobotics.it\/chi-siamo\/#breadcrumb\"},\"inLanguage\":\"en-US\",\"potentialAction\":[{\"@type\":\"ReadAction\",\"target\":[\"https:\/\/innobotics.it\/chi-siamo\/\"]}]},{\"@type\":\"BreadcrumbList\",\"@id\":\"https:\/\/innobotics.it\/chi-siamo\/#breadcrumb\",\"itemListElement\":[{\"@type\":\"ListItem\",\"position\":1,\"name\":\"Home\",\"item\":\"https:\/\/innobotics.it\/\"},{\"@type\":\"ListItem\",\"position\":2,\"name\":\"Chi siamo\"}]},{\"@type\":\"WebSite\",\"@id\":\"https:\/\/innobotics.it\/#website\",\"url\":\"https:\/\/innobotics.it\/\",\"name\":\"Innobotics\",\"description\":\"\",\"potentialAction\":[{\"@type\":\"SearchAction\",\"target\":{\"@type\":\"EntryPoint\",\"urlTemplate\":\"https:\/\/innobotics.it\/?s={search_term_string}\"},\"query-input\":{\"@type\":\"PropertyValueSpecification\",\"valueRequired\":true,\"valueName\":\"search_term_string\"}}],\"inLanguage\":\"en-US\"}]}<\/script>\n<!-- \/ Yoast SEO plugin. -->","yoast_head_json":{"title":"Chi siamo - Innobotics","robots":{"index":"index","follow":"follow","max-snippet":"max-snippet:-1","max-image-preview":"max-image-preview:large","max-video-preview":"max-video-preview:-1"},"canonical":"https:\/\/innobotics.it\/en_us\/chi-siamo\/","og_locale":"en_US","og_type":"article","og_title":"Chi siamo - Innobotics","og_description":"Innobotics Innobotics Chi siamo Innobotics Srl (IBT Srl), azienda del gruppo Holding Industriale Spa, opera nel campo dell&#8217;automazione industriale e della robotica avanzata, servendo i settori di eccellenza del &#8220;Made in Italy. La mission di IBT \u00e8 fornire prodotti di robotica avanzata e collaborativa, oltre a soluzioni di automazione completamente personalizzate sulle esigenze del cliente, [&hellip;]","og_url":"https:\/\/innobotics.it\/en_us\/chi-siamo\/","og_site_name":"Innobotics","article_modified_time":"2025-03-05T13:40:10+00:00","twitter_card":"summary_large_image","twitter_misc":{"Est. reading time":"1 minute"},"schema":{"@context":"https:\/\/schema.org","@graph":[{"@type":"WebPage","@id":"https:\/\/innobotics.it\/chi-siamo\/","url":"https:\/\/innobotics.it\/chi-siamo\/","name":"Chi siamo - Innobotics","isPartOf":{"@id":"https:\/\/innobotics.it\/#website"},"datePublished":"2024-05-09T10:25:24+00:00","dateModified":"2025-03-05T13:40:10+00:00","breadcrumb":{"@id":"https:\/\/innobotics.it\/chi-siamo\/#breadcrumb"},"inLanguage":"en-US","potentialAction":[{"@type":"ReadAction","target":["https:\/\/innobotics.it\/chi-siamo\/"]}]},{"@type":"BreadcrumbList","@id":"https:\/\/innobotics.it\/chi-siamo\/#breadcrumb","itemListElement":[{"@type":"ListItem","position":1,"name":"Home","item":"https:\/\/innobotics.it\/"},{"@type":"ListItem","position":2,"name":"Chi siamo"}]},{"@type":"WebSite","@id":"https:\/\/innobotics.it\/#website","url":"https:\/\/innobotics.it\/","name":"Innobotics","description":"","potentialAction":[{"@type":"SearchAction","target":{"@type":"EntryPoint","urlTemplate":"https:\/\/innobotics.it\/?s={search_term_string}"},"query-input":{"@type":"PropertyValueSpecification","valueRequired":true,"valueName":"search_term_string"}}],"inLanguage":"en-US"}]}},"_links":{"self":[{"href":"https:\/\/innobotics.it\/en_us\/wp-json\/wp\/v2\/pages\/15","targetHints":{"allow":["GET"]}}],"collection":[{"href":"https:\/\/innobotics.it\/en_us\/wp-json\/wp\/v2\/pages"}],"about":[{"href":"https:\/\/innobotics.it\/en_us\/wp-json\/wp\/v2\/types\/page"}],"author":[{"embeddable":true,"href":"https:\/\/innobotics.it\/en_us\/wp-json\/wp\/v2\/users\/6"}],"replies":[{"embeddable":true,"href":"https:\/\/innobotics.it\/en_us\/wp-json\/wp\/v2\/comments?post=15"}],"version-history":[{"count":32,"href":"https:\/\/innobotics.it\/en_us\/wp-json\/wp\/v2\/pages\/15\/revisions"}],"predecessor-version":[{"id":656,"href":"https:\/\/innobotics.it\/en_us\/wp-json\/wp\/v2\/pages\/15\/revisions\/656"}],"wp:attachment":[{"href":"https:\/\/innobotics.it\/en_us\/wp-json\/wp\/v2\/media?parent=15"}],"curies":[{"name":"wp","href":"https:\/\/api.w.org\/{rel}","templated":true}]}}